{"id":2237,"date":"2020-12-31T13:08:37","date_gmt":"2020-12-31T13:08:37","guid":{"rendered":"https:\/\/ffcolucci-chef.com\/?page_id=2237"},"modified":"2023-10-06T09:07:17","modified_gmt":"2023-10-06T09:07:17","slug":"cookies-policy","status":"publish","type":"page","link":"https:\/\/ffcolucci-chef.com\/es\/cookies-policy\/","title":{"rendered":"Cookies Policy"},"content":{"rendered":"<h3 class=\"has-normal-font-size wp-block-heading\">1. \u00bfQU\u00c9 TECNOLOG\u00cdAS COMUNES DE SEGUIMIENTO UTILIZAMOS?<\/h3>\n\n\n\n<p class=\"wp-block-paragraph\">Recopilamos informaci\u00f3n personal sobre los usuarios a lo largo del tiempo y en diferentes sitios web cuando utiliza nuestro sitio web o servicio. Tambi\u00e9n tenemos terceros, como se describe a continuaci\u00f3n, que recopilan informaci\u00f3n personal de esta manera ... Estos pueden incluir cookies del navegador e ID de dispositivo. Tambi\u00e9n podemos utilizar balizas web, cookies flash y tecnolog\u00edas similares.<\/p>\n\n\n\n<h3 class=\"has-normal-font-size wp-block-heading\">2. \u00bfPARA QU\u00c9 UTILIZAMOS LAS TECNOLOG\u00cdAS DE SEGUIMIENTO?<\/h3>\n\n\n\n<p class=\"wp-block-paragraph\">Usamos herramientas de seguimiento, incluidas cookies, en nuestros sitios web. Las cookies son peque\u00f1os archivos que se descargan cuando accede a determinados sitios web. Para obtener m\u00e1s informaci\u00f3n, visite&nbsp;<a href=\"http:\/\/www.allaboutcookies.org\/\" target=\"_blank\" rel=\"noreferrer noopener\">www.allaboutcookies.org<\/a>&nbsp;o una&nbsp;<a href=\"http:\/\/www.youronlinechoices.eu\/\" target=\"_blank\" rel=\"noreferrer noopener\">www.youronlinechoices.eu<\/a>. Estas p\u00e1ginas tambi\u00e9n explican c\u00f3mo puede administrar y eliminar las cookies. Usamos herramientas de seguimiento:<\/p>\n\n\n\n<ul class=\"wp-block-list\"><li>Reconocer clientes nuevos o pasados.<\/li><li>Para almacenar su contrase\u00f1a si est\u00e1 registrado en nuestro sitio.<\/li><li>Para mejorar nuestro sitio web.<\/li><li>Para observar sus comportamientos y actividades de navegaci\u00f3n a lo largo del tiempo en m\u00faltiples sitios web u otras plataformas seg\u00fan lo permita la ley.<\/li><li>Para comprender mejor los intereses de nuestros clientes y los visitantes de nuestro sitio web.<\/li><\/ul>\n\n\n\n<h3 class=\"has-normal-font-size wp-block-heading\">3. \u00bfQU\u00c9 SON LAS COOKIES Y LOS SEGUIDORES ESTRICTAMENTE NECESARIOS?<\/h3>\n\n\n\n<p class=\"wp-block-paragraph\">Estas cookies son necesarias para que el sitio web funcione y no se pueden desactivar en nuestros sistemas. Por lo general, solo se configuran en respuesta a acciones realizadas por usted que equivalen a una solicitud de servicios, como configurar sus preferencias de privacidad, iniciar sesi\u00f3n o completar formularios. Puede configurar su navegador para bloquear o alertar sobre estas cookies, pero algunas partes del sitio no funcionar\u00e1n. Estas cookies no almacenan ninguna informaci\u00f3n de identificaci\u00f3n personal.<\/p>\n\n\n\n<h3 class=\"has-normal-font-size wp-block-heading\">4. \u00bfQU\u00c9 SON LAS COOKIES OPCIONALES Y LOS SEGUIDORES?<\/h3>\n\n\n\n<p class=\"wp-block-paragraph\">Utilizamos cookies de rendimiento, cookies de funcionalidad, cookies de orientaci\u00f3n y cookies de redes sociales.<\/p>\n\n\n\n<ul class=\"wp-block-list\"><li>Cookies de rendimiento<\/li><\/ul>\n\n\n\n<p class=\"wp-block-paragraph\">Estas cookies nos permiten contar las visitas y las fuentes de tr\u00e1fico para que podamos medir y mejorar el rendimiento de nuestro sitio. Nos ayudan a saber qu\u00e9 p\u00e1ginas son m\u00e1s y menos populares y a ver c\u00f3mo se mueven los visitantes por el sitio. Toda la informaci\u00f3n que recopilan estas cookies es agregada y, por lo tanto, an\u00f3nima. Si no permite estas cookies, no sabremos cu\u00e1ndo ha visitado nuestro sitio y no podremos monitorear su desempe\u00f1o.<\/p>\n\n\n\n<ul class=\"wp-block-list\"><li>Cookies de funcionalidad<\/li><\/ul>\n\n\n\n<p class=\"wp-block-paragraph\">Estas cookies permiten que el sitio web proporcione una funcionalidad y personalizaci\u00f3n mejoradas. Pueden ser establecidos por nosotros o por proveedores externos cuyos servicios hemos agregado a nuestras p\u00e1ginas. Si no permite estas cookies, es posible que algunos o todos estos servicios no funcionen correctamente.<\/p>\n\n\n\n<ul class=\"wp-block-list\"><li>Cookies de orientaci\u00f3n<\/li><\/ul>\n\n\n\n<p class=\"wp-block-paragraph\">Estas cookies pueden ser establecidas a trav\u00e9s de nuestro sitio por nuestros socios publicitarios. Estas empresas pueden utilizarlos para crear un perfil de sus intereses y mostrarle anuncios relevantes en otros sitios. No almacenan directamente informaci\u00f3n personal, sino que se basan en la identificaci\u00f3n \u00fanica de su navegador y dispositivo. Si no permite estas cookies, experimentar\u00e1 publicidad menos dirigida.<\/p>\n\n\n\n<ul class=\"wp-block-list\"><li>Cookies de redes sociales<\/li><\/ul>\n\n\n\n<p class=\"wp-block-paragraph\">Estas cookies son establecidas por una variedad de servicios de redes sociales que hemos agregado al sitio para permitirle compartir nuestro contenido con sus amigos y redes. Son capaces de rastrear su navegador en otros sitios y crear un perfil de sus intereses. Esto puede afectar el contenido y los mensajes que ve en otros sitios web que visita. Si no permite estas cookies, es posible que no pueda usar o ver estas herramientas para compartir.<\/p>\n\n\n\n<h3 class=\"has-normal-font-size wp-block-heading\">5. \u00bfCU\u00c1NTO TIEMPO PERMANECER\u00c1N LAS COOKIES EN SU DISPOSITIVO?<\/h3>\n\n\n\n<p class=\"wp-block-paragraph\">El tiempo que una cookie permanecer\u00e1 en su dispositivo depende de si es una cookie \u201cpersistente\u201d o de \u201csesi\u00f3n\u201d. Las cookies de sesi\u00f3n solo permanecer\u00e1n en su dispositivo hasta que deje de navegar. Las cookies persistentes permanecen en su dispositivo hasta que caducan o se eliminan.<\/p>\n\n\n\n<h3 class=\"has-normal-font-size wp-block-heading\">6. \u00bfC\u00d3MO PUEDE CONTROLAR NUESTRAS HERRAMIENTAS DE SEGUIMIENTO?<\/h3>\n\n\n\n<p class=\"wp-block-paragraph\">Su navegador puede darle la capacidad de controlar las cookies. La forma de hacerlo depende del tipo de cookie. Ciertos navegadores pueden configurarse para rechazar las cookies del navegador. Para obtener m\u00e1s informaci\u00f3n sobre c\u00f3mo habilitar, deshabilitar o eliminar las cookies de su navegador web, visite&nbsp;<a href=\"http:\/\/www.allaboutcookies.org\/\" target=\"_blank\" rel=\"noreferrer noopener\">www.allaboutcookies.org<\/a>&nbsp;and&nbsp;<a href=\"http:\/\/www.adobe.com\/devnet\/security.html\" target=\"_blank\" rel=\"noreferrer noopener\">www.adobe.com\/devnet\/security.html<\/a>. Para controlar las cookies flash, que podemos usar en ciertos sitios web de vez en cuando, puede ir&nbsp;<a href=\"http:\/\/www.macromedia.com\/support\/documentation\/en\/flashplayer\/help\/settings_manager07.html\" target=\"_blank\" rel=\"noreferrer noopener\">www.macromedia.com\/support\/documentation\/en\/flashplayer\/help\/settings_manager07.html<\/a>. \u00bfPor qu\u00e9? Porque las cookies flash no se pueden controlar a trav\u00e9s de la configuraci\u00f3n de su navegador.<\/p>\n\n\n\n<p class=\"wp-block-paragraph\"><strong>Nuestra pol\u00edtica de no rastrear: algunos sitios web tienen funciones de \"no rastrear\" que le permiten decirle a un sitio web que no lo rastree. Estas caracter\u00edsticas no son todas uniformes. Actualmente no respondemos a esas se\u00f1ales.<\/strong>&nbsp;Si bloquea las cookies, es posible que algunas funciones de nuestros sitios no funcionen. Si bloquea o rechaza las cookies, no se detendr\u00e1 todo el seguimiento descrito aqu\u00ed.<\/p>\n\n\n\n<p class=\"wp-block-paragraph\">Las opciones que seleccione son espec\u00edficas del navegador y del dispositivo.<\/p>\n\n\n\n<h3 class=\"has-normal-font-size wp-block-heading\">9. \u00bfC\u00d3MO PUEDE EXCLUIRSE DE LA PUBLICIDAD CONDUCTUAL EN L\u00cdNEA?<\/h3>\n\n\n\n<p class=\"wp-block-paragraph\">El programa de autorregulaci\u00f3n para publicidad conductual en l\u00ednea ofrece a los consumidores la posibilidad de optar por no que su comportamiento en l\u00ednea se registre y se utilice con fines publicitarios. Para optar por que no se recopile su comportamiento en l\u00ednea con fines publicitarios,&nbsp;<a href=\"http:\/\/www.aboutads.info\/choices\/\" target=\"_blank\" rel=\"noreferrer noopener\">click here<\/a>. Choices you make are both browser and device-specific.<\/p>","protected":false},"excerpt":{"rendered":"<p>1. WHAT COMMON TRACKING TECHNOLOGIES DO WE USE? We collect personal information about users over time and across different websites when you use our website [&hellip;]<\/p>\n","protected":false},"author":1,"featured_media":0,"parent":0,"menu_order":0,"comment_status":"closed","ping_status":"closed","template":"","meta":{"_crdt_document":"","novablocks_hero_scroll_indicator":false,"novablocks_hero_position_indicators":false,"footnotes":""},"class_list":["post-2237","page","type-page","status-publish","hentry"],"yoast_head":"<!-- This site is optimized with the Yoast SEO plugin v27.0 - https:\/\/yoast.com\/product\/yoast-seo-wordpress\/ -->\n<title>Cookies Policy - Private Chef Mallorca<\/title>\n<meta name=\"robots\" content=\"index, follow, max-snippet:-1, max-image-preview:large, max-video-preview:-1\" \/>\n<link rel=\"canonical\" href=\"https:\/\/ffcolucci-chef.com\/es\/cookies-policy\/\" \/>\n<meta property=\"og:locale\" content=\"es_ES\" \/>\n<meta property=\"og:type\" content=\"article\" \/>\n<meta property=\"og:title\" content=\"Cookies Policy - Private Chef Mallorca\" \/>\n<meta property=\"og:description\" content=\"1. WHAT COMMON TRACKING TECHNOLOGIES DO WE USE? We collect personal information about users over time and across different websites when you use our website [&hellip;]\" \/>\n<meta property=\"og:url\" content=\"https:\/\/ffcolucci-chef.com\/es\/cookies-policy\/\" \/>\n<meta property=\"og:site_name\" content=\"Francesco Flavio Colucci\" \/>\n<meta property=\"article:publisher\" content=\"https:\/\/www.facebook.com\/ffcolucci\/\" \/>\n<meta property=\"article:modified_time\" content=\"2023-10-06T09:07:17+00:00\" \/>\n<meta name=\"twitter:card\" content=\"summary_large_image\" \/>\n<meta name=\"twitter:label1\" content=\"Tiempo de lectura\" \/>\n\t<meta name=\"twitter:data1\" content=\"4 minutos\" \/>\n<script type=\"application\/ld+json\" class=\"yoast-schema-graph\">{\"@context\":\"https:\/\/schema.org\",\"@graph\":[{\"@type\":\"WebPage\",\"@id\":\"https:\/\/ffcolucci-chef.com\/cookies-policy\/\",\"url\":\"https:\/\/ffcolucci-chef.com\/cookies-policy\/\",\"name\":\"Cookies Policy - Private Chef Mallorca\",\"isPartOf\":{\"@id\":\"https:\/\/ffcolucci-chef.com\/#website\"},\"datePublished\":\"2020-12-31T13:08:37+00:00\",\"dateModified\":\"2023-10-06T09:07:17+00:00\",\"breadcrumb\":{\"@id\":\"https:\/\/ffcolucci-chef.com\/cookies-policy\/#breadcrumb\"},\"inLanguage\":\"es\",\"potentialAction\":[{\"@type\":\"ReadAction\",\"target\":[\"https:\/\/ffcolucci-chef.com\/cookies-policy\/\"]}]},{\"@type\":\"BreadcrumbList\",\"@id\":\"https:\/\/ffcolucci-chef.com\/cookies-policy\/#breadcrumb\",\"itemListElement\":[{\"@type\":\"ListItem\",\"position\":1,\"name\":\"Home\",\"item\":\"https:\/\/ffcolucci-chef.com\/\"},{\"@type\":\"ListItem\",\"position\":2,\"name\":\"Cookies Policy\"}]},{\"@type\":\"WebSite\",\"@id\":\"https:\/\/ffcolucci-chef.com\/#website\",\"url\":\"https:\/\/ffcolucci-chef.com\/\",\"name\":\"Francesco Flavio Colucci\",\"description\":\"Private Chef Mallorca\",\"publisher\":{\"@id\":\"https:\/\/ffcolucci-chef.com\/#organization\"},\"potentialAction\":[{\"@type\":\"SearchAction\",\"target\":{\"@type\":\"EntryPoint\",\"urlTemplate\":\"https:\/\/ffcolucci-chef.com\/?s={search_term_string}\"},\"query-input\":{\"@type\":\"PropertyValueSpecification\",\"valueRequired\":true,\"valueName\":\"search_term_string\"}}],\"inLanguage\":\"es\"},{\"@type\":\"Organization\",\"@id\":\"https:\/\/ffcolucci-chef.com\/#organization\",\"name\":\"Fracnesco Flavio Colucci\",\"url\":\"https:\/\/ffcolucci-chef.com\/\",\"logo\":{\"@type\":\"ImageObject\",\"inLanguage\":\"es\",\"@id\":\"https:\/\/ffcolucci-chef.com\/#\/schema\/logo\/image\/\",\"url\":\"https:\/\/ffcolucci-chef.com\/wp-content\/uploads\/2021\/02\/logo-chef-contact.png\",\"contentUrl\":\"https:\/\/ffcolucci-chef.com\/wp-content\/uploads\/2021\/02\/logo-chef-contact.png\",\"width\":800,\"height\":400,\"caption\":\"Fracnesco Flavio Colucci\"},\"image\":{\"@id\":\"https:\/\/ffcolucci-chef.com\/#\/schema\/logo\/image\/\"},\"sameAs\":[\"https:\/\/www.facebook.com\/ffcolucci\/\",\"https:\/\/www.instagram.com\/ffcolucci\/\"]}]}<\/script>\n<!-- \/ Yoast SEO plugin. -->","yoast_head_json":{"title":"Cookies Policy - Private Chef Mallorca","robots":{"index":"index","follow":"follow","max-snippet":"max-snippet:-1","max-image-preview":"max-image-preview:large","max-video-preview":"max-video-preview:-1"},"canonical":"https:\/\/ffcolucci-chef.com\/es\/cookies-policy\/","og_locale":"es_ES","og_type":"article","og_title":"Cookies Policy - Private Chef Mallorca","og_description":"1. WHAT COMMON TRACKING TECHNOLOGIES DO WE USE? We collect personal information about users over time and across different websites when you use our website [&hellip;]","og_url":"https:\/\/ffcolucci-chef.com\/es\/cookies-policy\/","og_site_name":"Francesco Flavio Colucci","article_publisher":"https:\/\/www.facebook.com\/ffcolucci\/","article_modified_time":"2023-10-06T09:07:17+00:00","twitter_card":"summary_large_image","twitter_misc":{"Tiempo de lectura":"4 minutos"},"schema":{"@context":"https:\/\/schema.org","@graph":[{"@type":"WebPage","@id":"https:\/\/ffcolucci-chef.com\/cookies-policy\/","url":"https:\/\/ffcolucci-chef.com\/cookies-policy\/","name":"Cookies Policy - Private Chef Mallorca","isPartOf":{"@id":"https:\/\/ffcolucci-chef.com\/#website"},"datePublished":"2020-12-31T13:08:37+00:00","dateModified":"2023-10-06T09:07:17+00:00","breadcrumb":{"@id":"https:\/\/ffcolucci-chef.com\/cookies-policy\/#breadcrumb"},"inLanguage":"es","potentialAction":[{"@type":"ReadAction","target":["https:\/\/ffcolucci-chef.com\/cookies-policy\/"]}]},{"@type":"BreadcrumbList","@id":"https:\/\/ffcolucci-chef.com\/cookies-policy\/#breadcrumb","itemListElement":[{"@type":"ListItem","position":1,"name":"Home","item":"https:\/\/ffcolucci-chef.com\/"},{"@type":"ListItem","position":2,"name":"Cookies Policy"}]},{"@type":"WebSite","@id":"https:\/\/ffcolucci-chef.com\/#website","url":"https:\/\/ffcolucci-chef.com\/","name":"Francesco Flavio Colucci.","description":"Private Chef Mallorca","publisher":{"@id":"https:\/\/ffcolucci-chef.com\/#organization"},"potentialAction":[{"@type":"SearchAction","target":{"@type":"EntryPoint","urlTemplate":"https:\/\/ffcolucci-chef.com\/?s={search_term_string}"},"query-input":{"@type":"PropertyValueSpecification","valueRequired":true,"valueName":"search_term_string"}}],"inLanguage":"es"},{"@type":"Organization","@id":"https:\/\/ffcolucci-chef.com\/#organization","name":"Fracnesco Flavio Colucci","url":"https:\/\/ffcolucci-chef.com\/","logo":{"@type":"ImageObject","inLanguage":"es","@id":"https:\/\/ffcolucci-chef.com\/#\/schema\/logo\/image\/","url":"https:\/\/ffcolucci-chef.com\/wp-content\/uploads\/2021\/02\/logo-chef-contact.png","contentUrl":"https:\/\/ffcolucci-chef.com\/wp-content\/uploads\/2021\/02\/logo-chef-contact.png","width":800,"height":400,"caption":"Fracnesco Flavio Colucci"},"image":{"@id":"https:\/\/ffcolucci-chef.com\/#\/schema\/logo\/image\/"},"sameAs":["https:\/\/www.facebook.com\/ffcolucci\/","https:\/\/www.instagram.com\/ffcolucci\/"]}]}},"_links":{"self":[{"href":"https:\/\/ffcolucci-chef.com\/es\/wp-json\/wp\/v2\/pages\/2237","targetHints":{"allow":["GET"]}}],"collection":[{"href":"https:\/\/ffcolucci-chef.com\/es\/wp-json\/wp\/v2\/pages"}],"about":[{"href":"https:\/\/ffcolucci-chef.com\/es\/wp-json\/wp\/v2\/types\/page"}],"author":[{"embeddable":true,"href":"https:\/\/ffcolucci-chef.com\/es\/wp-json\/wp\/v2\/users\/1"}],"replies":[{"embeddable":true,"href":"https:\/\/ffcolucci-chef.com\/es\/wp-json\/wp\/v2\/comments?post=2237"}],"version-history":[{"count":2,"href":"https:\/\/ffcolucci-chef.com\/es\/wp-json\/wp\/v2\/pages\/2237\/revisions"}],"predecessor-version":[{"id":2239,"href":"https:\/\/ffcolucci-chef.com\/es\/wp-json\/wp\/v2\/pages\/2237\/revisions\/2239"}],"wp:attachment":[{"href":"https:\/\/ffcolucci-chef.com\/es\/wp-json\/wp\/v2\/media?parent=2237"}],"curies":[{"name":"wp","href":"https:\/\/api.w.org\/{rel}","templated":true}]}}