{"id":3,"date":"2020-12-27T12:02:24","date_gmt":"2020-12-27T12:02:24","guid":{"rendered":"http:\/\/ffcolucci-chef.com\/?page_id=3"},"modified":"2023-10-06T09:07:51","modified_gmt":"2023-10-06T09:07:51","slug":"privacy-policy","status":"publish","type":"page","link":"https:\/\/ffcolucci-chef.com\/de\/privacy-policy\/","title":{"rendered":"Privacy Policy"},"content":{"rendered":"<p class=\"wp-block-paragraph\">Francesco Flavio Colucci (\u201ewir\u201c, \u201ewir\u201c oder \u201eunser\u201c) betreibt die Website www.ffcolucci-chef.com (der \u201eService\u201c).<\/p>\n\n\n\n<p class=\"wp-block-paragraph\">Diese Seite informiert Sie \u00fcber unsere Richtlinien zur Erhebung, Verwendung und Offenlegung personenbezogener Daten, wenn Sie unseren Service nutzen, sowie \u00fcber die Auswahlm\u00f6glichkeiten, die Sie mit diesen Daten verbunden haben.<\/p>\n\n\n\n<p class=\"wp-block-paragraph\">Wir verwenden Ihre Daten, um den Service bereitzustellen und zu verbessern. Durch die Nutzung des Dienstes stimmen Sie der Erfassung und Verwendung von Informationen gem\u00e4\u00df dieser Richtlinie zu. Sofern in dieser Datenschutzrichtlinie nicht anders definiert, haben die in dieser Datenschutzrichtlinie verwendeten Begriffe dieselbe Bedeutung wie in unseren Allgemeinen Gesch\u00e4ftsbedingungen, die unter www.ffcolucci-chef.com zug\u00e4nglich sind<\/p>\n\n\n\n<h2 class=\"has-normal-font-size wp-block-heading\">Sammlung und Verwendung von Informationen<\/h2>\n\n\n\n<p class=\"wp-block-paragraph\">Wir sammeln verschiedene Arten von Informationen f\u00fcr verschiedene Zwecke, um unseren Service f\u00fcr Sie bereitzustellen und zu verbessern.<\/p>\n\n\n\n<h3 class=\"has-normal-font-size wp-block-heading\">Arten der gesammelten Daten<\/h3>\n\n\n\n<h4 class=\"has-normal-font-size wp-block-heading\">Pers\u00f6nliche Daten<\/h4>\n\n\n\n<p class=\"wp-block-paragraph\">W\u00e4hrend der Nutzung unseres Dienstes bitten wir Sie m\u00f6glicherweise, uns bestimmte personenbezogene Daten zur Verf\u00fcgung zu stellen, mit denen Sie kontaktiert oder identifiziert werden k\u00f6nnen (\u201epersonenbezogene Daten\u201c). Pers\u00f6nlich identifizierbare Informationen k\u00f6nnen umfassen, sind aber nicht beschr\u00e4nkt auf:<\/p>\n\n\n\n<ul class=\"wp-block-list\"><li>E-Mail-Addresse<\/li><li>Vorname und Nachname<\/li><li>Telefonnummer<\/li><li>Adresse, Bundesland, Provinz, Postleitzahl, Stadt<\/li><li>Cookies und Nutzungsdaten<\/li><\/ul>\n\n\n\n<h4 class=\"has-normal-font-size wp-block-heading\">Nutzungsdaten<\/h4>\n\n\n\n<p class=\"wp-block-paragraph\">M\u00f6glicherweise erfassen wir auch Informationen dar\u00fcber, wie auf den Service zugegriffen und dieser verwendet wird (\u201eNutzungsdaten\u201c). Diese Nutzungsdaten k\u00f6nnen Informationen wie die Internetprotokolladresse Ihres Computers (z. B. IP-Adresse), den Browsertyp, die Browserversion, die von uns besuchten Seiten unseres Dienstes, die Uhrzeit und das Datum Ihres Besuchs sowie die auf diesen Seiten verbrachte Zeit enthalten Ger\u00e4tekennungen und andere Diagnosedaten.<\/p>\n\n\n\n<h4 class=\"has-normal-font-size wp-block-heading\">Tracking &amp; Cookies Daten<\/h4>\n\n\n\n<p class=\"wp-block-paragraph\">Wir verwenden Cookies und \u00e4hnliche Tracking-Technologien, um die Aktivit\u00e4ten in unserem Service zu verfolgen und bestimmte Informationen zu speichern.<\/p>\n\n\n\n<p class=\"wp-block-paragraph\">Cookies sind Dateien mit einer geringen Datenmenge, die eine anonyme eindeutige Kennung enthalten k\u00f6nnen. Cookies werden von einer Website an Ihren Browser gesendet und auf Ihrem Ger\u00e4t gespeichert. Verwendete Tracking-Technologien sind Beacons, Tags und Skripte, um Informationen zu sammeln und zu verfolgen sowie unseren Service zu verbessern und zu analysieren.<\/p>\n\n\n\n<p class=\"wp-block-paragraph\">Sie k\u00f6nnen Ihren Browser anweisen, alle Cookies abzulehnen oder anzugeben, wann ein Cookie gesendet wird. Wenn Sie jedoch keine Cookies akzeptieren, k\u00f6nnen Sie m\u00f6glicherweise einige Teile unseres Service nicht nutzen.<\/p>\n\n\n\n<p class=\"wp-block-paragraph\">Beispiele f\u00fcr von uns verwendete Cookies:<\/p>\n\n\n\n<ul class=\"wp-block-list\"><li><strong>Sitzungscookies.<\/strong>&nbsp;Wir verwenden Sitzungscookies, um unseren Service zu betreiben.<\/li><li><strong>Bevorzugte Cookies.<\/strong>&nbsp;Wir verwenden Pr\u00e4ferenz-Cookies, um Ihre Pr\u00e4ferenzen und verschiedene Einstellungen zu speichern.<\/li><li><strong>Sicherheits-Cookies.<\/strong>&nbsp;Wir verwenden Sicherheitscookies aus Sicherheitsgr\u00fcnden.<\/li><\/ul>\n\n\n\n<h2 class=\"has-normal-font-size wp-block-heading\">Verwendung von Daten<\/h2>\n\n\n\n<p class=\"wp-block-paragraph\">www.ffcolucci-chef.com verwendet die gesammelten Daten f\u00fcr verschiedene Zwecke:<\/p>\n\n\n\n<ul class=\"wp-block-list\"><li>Bereitstellung und Wartung des Dienstes<\/li><li>Um Sie \u00fcber \u00c4nderungen an unserem Service zu informieren<\/li><li>Damit Sie an interaktiven Funktionen unseres Service teilnehmen k\u00f6nnen, wenn Sie dies w\u00fcnschen<\/li><li>Kundenbetreuung und Support<\/li><li>Bereitstellung von Analysen oder wertvollen Informationen, damit wir den Service verbessern k\u00f6nnen<\/li><li>So \u00fcberwachen Sie die Nutzung des Dienstes<\/li><li>Technische Probleme erkennen, verhindern und beheben<\/li><\/ul>\n\n\n\n<h2 class=\"has-normal-font-size wp-block-heading\">Daten\u00fcbertragung<\/h2>\n\n\n\n<p class=\"wp-block-paragraph\">Ihre Daten, einschlie\u00dflich personenbezogener Daten, k\u00f6nnen an Computer au\u00dferhalb Ihres Bundesstaates, Ihrer Provinz, Ihres Landes oder einer anderen staatlichen Gerichtsbarkeit \u00fcbertragen und dort gespeichert werden, wo die Datenschutzgesetze m\u00f6glicherweise von denen Ihrer Gerichtsbarkeit abweichen.<\/p>\n\n\n\n<p class=\"wp-block-paragraph\">Wenn Sie sich au\u00dferhalb Spaniens befinden und uns Informationen zur Verf\u00fcgung stellen m\u00f6chten, beachten Sie bitte, dass wir die Daten, einschlie\u00dflich personenbezogener Daten, nach Spanien \u00fcbertragen und dort verarbeiten.<\/p>\n\n\n\n<p class=\"wp-block-paragraph\">Ihre Zustimmung zu dieser Datenschutzrichtlinie, gefolgt von Ihrer \u00dcbermittlung solcher Informationen, stellt Ihre Zustimmung zu dieser \u00dcbertragung dar.<\/p>\n\n\n\n<p class=\"wp-block-paragraph\">www.ffcolucci-chef.com wird alle zumutbaren Schritte unternehmen, um sicherzustellen, dass Ihre Daten sicher und in \u00dcbereinstimmung mit dieser Datenschutzrichtlinie behandelt werden und keine \u00dcbertragung Ihrer pers\u00f6nlichen Daten an eine Organisation oder ein Land erfolgt, es sei denn, es gibt angemessene Kontrollen in Ort einschlie\u00dflich der Sicherheit Ihrer Daten und anderer pers\u00f6nlicher Informationen.<\/p>\n\n\n\n<h2 class=\"has-normal-font-size wp-block-heading\">Offenlegung von Daten<\/h2>\n\n\n\n<h3 class=\"has-normal-font-size wp-block-heading\">RECHTLICHE ANFORDERUNGEN<\/h3>\n\n\n\n<p class=\"wp-block-paragraph\">www.ffcolucci-chef.com kann Ihre personenbezogenen Daten nach Treu und Glauben offenlegen, dass solche Ma\u00dfnahmen erforderlich sind, um:<\/p>\n\n\n\n<ul class=\"wp-block-list\"><li>Um einer gesetzlichen Verpflichtung nachzukommen<\/li><li>Zum Schutz und zur Verteidigung der Rechte oder des Eigentums von www.ffcolucci-chef.com<\/li><li>Um m\u00f6gliche Fehlverhalten im Zusammenhang mit dem Service zu verhindern oder zu untersuchen<\/li><li>Zum Schutz der pers\u00f6nlichen Sicherheit der Nutzer des Dienstes oder der \u00d6ffentlichkeit<\/li><li>Zum Schutz vor gesetzlicher Haftung<\/li><\/ul>\n\n\n\n<h2 class=\"has-normal-font-size wp-block-heading\">Datensicherheit<\/h2>\n\n\n\n<p class=\"wp-block-paragraph\">Die Sicherheit Ihrer Daten ist uns wichtig, aber denken Sie daran, dass keine Methode zur \u00dcbertragung \u00fcber das Internet oder zur elektronischen Speicherung 100% sicher ist. Obwohl wir uns bem\u00fchen, Ihre personenbezogenen Daten mit kommerziell akzeptablen Mitteln zu sch\u00fctzen, k\u00f6nnen wir deren absolute Sicherheit nicht garantieren.<\/p>\n\n\n\n<h2 class=\"has-normal-font-size wp-block-heading\">Dienstleister<\/h2>\n\n\n\n<p class=\"wp-block-paragraph\">Wir k\u00f6nnen Drittunternehmen und Einzelpersonen besch\u00e4ftigen, um unseren Service (\u201eService Provider\u201c) zu vereinfachen, den Service in unserem Namen bereitzustellen, servicebezogene Services zu erbringen oder uns bei der Analyse der Nutzung unseres Service zu unterst\u00fctzen.<\/p>\n\n\n\n<p class=\"wp-block-paragraph\">Diese Dritten haben nur Zugriff auf Ihre personenbezogenen Daten, um diese Aufgaben in unserem Namen auszuf\u00fchren, und sind verpflichtet, diese nicht weiterzugeben oder f\u00fcr andere Zwecke zu verwenden.<\/p>\n\n\n\n<h3 class=\"has-normal-font-size wp-block-heading\">ANALYTICS<\/h3>\n\n\n\n<p class=\"wp-block-paragraph\">Wir k\u00f6nnen Drittanbieter einsetzen, um die Nutzung unseres Dienstes zu \u00fcberwachen und zu analysieren.<\/p>\n\n\n\n<ul class=\"wp-block-list\"><li><strong>Google Analytics<\/strong> Google Analytics ist ein Webanalysedienst von Google, der den Website-Verkehr verfolgt und meldet. Google verwendet die gesammelten Daten, um die Nutzung unseres Dienstes zu verfolgen und zu \u00fcberwachen. Diese Daten werden mit anderen Google-Diensten geteilt. Google kann die gesammelten Daten verwenden, um die Anzeigen seines eigenen Werbenetzwerks zu kontextualisieren und zu personalisieren. Sie k\u00f6nnen die Bereitstellung Ihrer Aktivit\u00e4ten im Service f\u00fcr Google Analytics deaktivieren, indem Sie das Browser-Add-On f\u00fcr die Deaktivierung von Google Analytics installieren. Das Add-On verhindert, dass das Google Analytics-JavaScript (ga.js, analyse.js und dc.js) Informationen \u00fcber Besuchsaktivit\u00e4ten an Google Analytics weitergibt. Weitere Informationen zu den Datenschutzpraktiken von Google finden Sie in den Google-Datenschutzbestimmungen Website:&nbsp;<a href=\"https:\/\/policies.google.com\/privacy?hl=en\">https:\/\/policies.google.com\/privacy?hl=en<\/a><\/li><\/ul>\n\n\n\n<h2 class=\"has-normal-font-size wp-block-heading\">Links zu anderen Websites<\/h2>\n\n\n\n<p class=\"wp-block-paragraph\">Unser Service kann Links zu anderen Websites enthalten, die nicht von uns betrieben werden. Wenn Sie auf einen Link eines Drittanbieters klicken, werden Sie zur Website dieses Drittanbieters weitergeleitet. Wir empfehlen Ihnen dringend, die Datenschutzbestimmungen aller von Ihnen besuchten Websites zu lesen.<\/p>\n\n\n\n<p class=\"wp-block-paragraph\">We have no control over and assume no responsibility for the content, privacy policies or practices of any third party sites or services.<\/p>\n\n\n\n<h2 class=\"has-normal-font-size wp-block-heading\">Datenschutz f\u00fcr Kinder<\/h2>\n\n\n\n<p class=\"wp-block-paragraph\">Unser Service richtet sich nicht an Personen unter 18 Jahren (\u201eKinder\u201c).<\/p>\n\n\n\n<p class=\"wp-block-paragraph\">Wir sammeln wissentlich keine personenbezogenen Daten von Personen unter 18 Jahren. Wenn Sie Eltern oder Erziehungsberechtigte sind und wissen, dass Ihre Kinder uns personenbezogene Daten zur Verf\u00fcgung gestellt haben, kontaktieren Sie uns bitte. Wenn wir feststellen, dass wir personenbezogene Daten von Kindern ohne \u00dcberpr\u00fcfung der Zustimmung der Eltern gesammelt haben, ergreifen wir Ma\u00dfnahmen, um diese Informationen von unseren Servern zu entfernen.<\/p>\n\n\n\n<h2 class=\"has-normal-font-size wp-block-heading\">\u00c4nderungen dieser Datenschutzerkl\u00e4rung<\/h2>\n\n\n\n<p class=\"wp-block-paragraph\">Wir k\u00f6nnen unsere Datenschutzrichtlinie von Zeit zu Zeit aktualisieren. Wir werden Sie \u00fcber \u00c4nderungen informieren, indem wir die neue Datenschutzrichtlinie auf dieser Seite ver\u00f6ffentlichen.<\/p>\n\n\n\n<p class=\"wp-block-paragraph\">Wir werden Sie vor Inkrafttreten der \u00c4nderung per E-Mail und \/ oder \u00fcber einen wichtigen Hinweis auf unseren Service informieren und das \u201eDatum des Inkrafttretens\u201c oben in dieser Datenschutzrichtlinie aktualisieren.<\/p>\n\n\n\n<h2 class=\"has-normal-font-size wp-block-heading\">Kontakt<\/h2>\n\n\n\n<p class=\"wp-block-paragraph\">Wenn Sie Fragen zu dieser Datenschutzrichtlinie haben, wenden Sie sich bitte an uns:<\/p>\n\n\n\n<p class=\"wp-block-paragraph\">Email: hello@ffcolucci-chef.com<\/p>","protected":false},"excerpt":{"rendered":"<p>Francesco Flavio Colucci (\u201cus\u201d, \u201cwe\u201d, or \u201cour\u201d) operates the www.ffcolucci-chef.com website (the \u201cService\u201d). This page informs you of our policies regarding the collection, use, and [&hellip;]<\/p>\n","protected":false},"author":1,"featured_media":0,"parent":0,"menu_order":0,"comment_status":"closed","ping_status":"open","template":"","meta":{"_crdt_document":"","novablocks_hero_scroll_indicator":false,"novablocks_hero_position_indicators":false,"footnotes":""},"class_list":["post-3","page","type-page","status-publish","hentry"],"yoast_head":"<!-- This site is optimized with the Yoast SEO plugin v27.0 - https:\/\/yoast.com\/product\/yoast-seo-wordpress\/ -->\n<title>Privacy Policy - Private Chef Mallorca<\/title>\n<meta name=\"robots\" content=\"index, follow, max-snippet:-1, max-image-preview:large, max-video-preview:-1\" \/>\n<link rel=\"canonical\" href=\"https:\/\/ffcolucci-chef.com\/de\/privacy-policy\/\" \/>\n<meta property=\"og:locale\" content=\"de_DE\" \/>\n<meta property=\"og:type\" content=\"article\" \/>\n<meta property=\"og:title\" content=\"Privacy Policy - Private Chef Mallorca\" \/>\n<meta property=\"og:description\" content=\"Francesco Flavio Colucci (\u201cus\u201d, \u201cwe\u201d, or \u201cour\u201d) operates the www.ffcolucci-chef.com website (the \u201cService\u201d). This page informs you of our policies regarding the collection, use, and [&hellip;]\" \/>\n<meta property=\"og:url\" content=\"https:\/\/ffcolucci-chef.com\/de\/privacy-policy\/\" \/>\n<meta property=\"og:site_name\" content=\"Francesco Flavio Colucci\" \/>\n<meta property=\"article:publisher\" content=\"https:\/\/www.facebook.com\/ffcolucci\/\" \/>\n<meta property=\"article:modified_time\" content=\"2023-10-06T09:07:51+00:00\" \/>\n<meta name=\"twitter:card\" content=\"summary_large_image\" \/>\n<meta name=\"twitter:label1\" content=\"Gesch\u00e4tzte Lesezeit\" \/>\n\t<meta name=\"twitter:data1\" content=\"6\u00a0Minuten\" \/>\n<script type=\"application\/ld+json\" class=\"yoast-schema-graph\">{\"@context\":\"https:\/\/schema.org\",\"@graph\":[{\"@type\":\"WebPage\",\"@id\":\"https:\/\/ffcolucci-chef.com\/privacy-policy\/\",\"url\":\"https:\/\/ffcolucci-chef.com\/privacy-policy\/\",\"name\":\"Privacy Policy - Private Chef Mallorca\",\"isPartOf\":{\"@id\":\"https:\/\/ffcolucci-chef.com\/#website\"},\"datePublished\":\"2020-12-27T12:02:24+00:00\",\"dateModified\":\"2023-10-06T09:07:51+00:00\",\"breadcrumb\":{\"@id\":\"https:\/\/ffcolucci-chef.com\/privacy-policy\/#breadcrumb\"},\"inLanguage\":\"de\",\"potentialAction\":[{\"@type\":\"ReadAction\",\"target\":[\"https:\/\/ffcolucci-chef.com\/privacy-policy\/\"]}]},{\"@type\":\"BreadcrumbList\",\"@id\":\"https:\/\/ffcolucci-chef.com\/privacy-policy\/#breadcrumb\",\"itemListElement\":[{\"@type\":\"ListItem\",\"position\":1,\"name\":\"Home\",\"item\":\"https:\/\/ffcolucci-chef.com\/\"},{\"@type\":\"ListItem\",\"position\":2,\"name\":\"Privacy Policy\"}]},{\"@type\":\"WebSite\",\"@id\":\"https:\/\/ffcolucci-chef.com\/#website\",\"url\":\"https:\/\/ffcolucci-chef.com\/\",\"name\":\"Francesco Flavio Colucci\",\"description\":\"Private Chef Mallorca\",\"publisher\":{\"@id\":\"https:\/\/ffcolucci-chef.com\/#organization\"},\"potentialAction\":[{\"@type\":\"SearchAction\",\"target\":{\"@type\":\"EntryPoint\",\"urlTemplate\":\"https:\/\/ffcolucci-chef.com\/?s={search_term_string}\"},\"query-input\":{\"@type\":\"PropertyValueSpecification\",\"valueRequired\":true,\"valueName\":\"search_term_string\"}}],\"inLanguage\":\"de\"},{\"@type\":\"Organization\",\"@id\":\"https:\/\/ffcolucci-chef.com\/#organization\",\"name\":\"Fracnesco Flavio Colucci\",\"url\":\"https:\/\/ffcolucci-chef.com\/\",\"logo\":{\"@type\":\"ImageObject\",\"inLanguage\":\"de\",\"@id\":\"https:\/\/ffcolucci-chef.com\/#\/schema\/logo\/image\/\",\"url\":\"https:\/\/ffcolucci-chef.com\/wp-content\/uploads\/2021\/02\/logo-chef-contact.png\",\"contentUrl\":\"https:\/\/ffcolucci-chef.com\/wp-content\/uploads\/2021\/02\/logo-chef-contact.png\",\"width\":800,\"height\":400,\"caption\":\"Fracnesco Flavio Colucci\"},\"image\":{\"@id\":\"https:\/\/ffcolucci-chef.com\/#\/schema\/logo\/image\/\"},\"sameAs\":[\"https:\/\/www.facebook.com\/ffcolucci\/\",\"https:\/\/www.instagram.com\/ffcolucci\/\"]}]}<\/script>\n<!-- \/ Yoast SEO plugin. -->","yoast_head_json":{"title":"Privacy Policy - Private Chef Mallorca","robots":{"index":"index","follow":"follow","max-snippet":"max-snippet:-1","max-image-preview":"max-image-preview:large","max-video-preview":"max-video-preview:-1"},"canonical":"https:\/\/ffcolucci-chef.com\/de\/privacy-policy\/","og_locale":"de_DE","og_type":"article","og_title":"Privacy Policy - Private Chef Mallorca","og_description":"Francesco Flavio Colucci (\u201cus\u201d, \u201cwe\u201d, or \u201cour\u201d) operates the www.ffcolucci-chef.com website (the \u201cService\u201d). This page informs you of our policies regarding the collection, use, and [&hellip;]","og_url":"https:\/\/ffcolucci-chef.com\/de\/privacy-policy\/","og_site_name":"Francesco Flavio Colucci","article_publisher":"https:\/\/www.facebook.com\/ffcolucci\/","article_modified_time":"2023-10-06T09:07:51+00:00","twitter_card":"summary_large_image","twitter_misc":{"Gesch\u00e4tzte Lesezeit":"6\u00a0Minuten"},"schema":{"@context":"https:\/\/schema.org","@graph":[{"@type":"WebPage","@id":"https:\/\/ffcolucci-chef.com\/privacy-policy\/","url":"https:\/\/ffcolucci-chef.com\/privacy-policy\/","name":"Privacy Policy - Private Chef Mallorca","isPartOf":{"@id":"https:\/\/ffcolucci-chef.com\/#website"},"datePublished":"2020-12-27T12:02:24+00:00","dateModified":"2023-10-06T09:07:51+00:00","breadcrumb":{"@id":"https:\/\/ffcolucci-chef.com\/privacy-policy\/#breadcrumb"},"inLanguage":"de","potentialAction":[{"@type":"ReadAction","target":["https:\/\/ffcolucci-chef.com\/privacy-policy\/"]}]},{"@type":"BreadcrumbList","@id":"https:\/\/ffcolucci-chef.com\/privacy-policy\/#breadcrumb","itemListElement":[{"@type":"ListItem","position":1,"name":"Home","item":"https:\/\/ffcolucci-chef.com\/"},{"@type":"ListItem","position":2,"name":"Privacy Policy"}]},{"@type":"WebSite","@id":"https:\/\/ffcolucci-chef.com\/#website","url":"https:\/\/ffcolucci-chef.com\/","name":"Francesco Flavio Colucci","description":"Private Chef Mallorca","publisher":{"@id":"https:\/\/ffcolucci-chef.com\/#organization"},"potentialAction":[{"@type":"SearchAction","target":{"@type":"EntryPoint","urlTemplate":"https:\/\/ffcolucci-chef.com\/?s={search_term_string}"},"query-input":{"@type":"PropertyValueSpecification","valueRequired":true,"valueName":"search_term_string"}}],"inLanguage":"de"},{"@type":"Organization","@id":"https:\/\/ffcolucci-chef.com\/#organization","name":"Fracnesco Flavio Colucci","url":"https:\/\/ffcolucci-chef.com\/","logo":{"@type":"ImageObject","inLanguage":"de","@id":"https:\/\/ffcolucci-chef.com\/#\/schema\/logo\/image\/","url":"https:\/\/ffcolucci-chef.com\/wp-content\/uploads\/2021\/02\/logo-chef-contact.png","contentUrl":"https:\/\/ffcolucci-chef.com\/wp-content\/uploads\/2021\/02\/logo-chef-contact.png","width":800,"height":400,"caption":"Fracnesco Flavio Colucci"},"image":{"@id":"https:\/\/ffcolucci-chef.com\/#\/schema\/logo\/image\/"},"sameAs":["https:\/\/www.facebook.com\/ffcolucci\/","https:\/\/www.instagram.com\/ffcolucci\/"]}]}},"_links":{"self":[{"href":"https:\/\/ffcolucci-chef.com\/de\/wp-json\/wp\/v2\/pages\/3","targetHints":{"allow":["GET"]}}],"collection":[{"href":"https:\/\/ffcolucci-chef.com\/de\/wp-json\/wp\/v2\/pages"}],"about":[{"href":"https:\/\/ffcolucci-chef.com\/de\/wp-json\/wp\/v2\/types\/page"}],"author":[{"embeddable":true,"href":"https:\/\/ffcolucci-chef.com\/de\/wp-json\/wp\/v2\/users\/1"}],"replies":[{"embeddable":true,"href":"https:\/\/ffcolucci-chef.com\/de\/wp-json\/wp\/v2\/comments?post=3"}],"version-history":[{"count":2,"href":"https:\/\/ffcolucci-chef.com\/de\/wp-json\/wp\/v2\/pages\/3\/revisions"}],"predecessor-version":[{"id":2910,"href":"https:\/\/ffcolucci-chef.com\/de\/wp-json\/wp\/v2\/pages\/3\/revisions\/2910"}],"wp:attachment":[{"href":"https:\/\/ffcolucci-chef.com\/de\/wp-json\/wp\/v2\/media?parent=3"}],"curies":[{"name":"wp","href":"https:\/\/api.w.org\/{rel}","templated":true}]}}