{"id":2237,"date":"2020-12-31T13:08:37","date_gmt":"2020-12-31T13:08:37","guid":{"rendered":"https:\/\/ffcolucci-chef.com\/?page_id=2237"},"modified":"2023-10-06T09:07:17","modified_gmt":"2023-10-06T09:07:17","slug":"cookies-policy","status":"publish","type":"page","link":"https:\/\/ffcolucci-chef.com\/de\/cookies-policy\/","title":{"rendered":"Cookies Policy"},"content":{"rendered":"<h3 class=\"has-normal-font-size wp-block-heading\">1. WELCHE GEMEINSAMEN TRACKING-TECHNOLOGIEN VERWENDEN WIR?<\/h3>\n\n\n\n<p class=\"wp-block-paragraph\">Wir sammeln pers\u00f6nliche Informationen \u00fcber Benutzer im Laufe der Zeit und auf verschiedenen Websites, wenn Sie unsere Website oder unseren Service nutzen. Wir haben auch Dritte - wie unten beschrieben -, die auf diese Weise pers\u00f6nliche Informationen sammeln. Dies kann Browser-Cookies und Ger\u00e4te-IDs umfassen. Wir k\u00f6nnen auch Web Beacons, Flash-Cookies und \u00e4hnliche Technologien verwenden.<\/p>\n\n\n\n<h3 class=\"has-normal-font-size wp-block-heading\">2. WAS VERWENDEN WIR TRACKING-TECHNOLOGIEN?<\/h3>\n\n\n\n<p class=\"wp-block-paragraph\">Wir verwenden Tracking-Tools, einschlie\u00dflich Cookies, auf unseren Websites. Cookies sind kleine Dateien, die heruntergeladen werden, wenn Sie auf bestimmte Websites zugreifen. Um mehr zu erfahren, besuchen Sie&nbsp;<a href=\"http:\/\/www.allaboutcookies.org\/\" target=\"_blank\" rel=\"noreferrer noopener\">www.allaboutcookies.org<\/a>&nbsp;oder eine&nbsp;<a href=\"http:\/\/www.youronlinechoices.eu\/\" target=\"_blank\" rel=\"noreferrer noopener\">www.youronlinechoices.eu<\/a>. Auf diesen Seiten wird auch erl\u00e4utert, wie Sie Cookies verwalten und l\u00f6schen k\u00f6nnen. Wir verwenden Tracking-Tools:<\/p>\n\n\n\n<ul class=\"wp-block-list\"><li>Neue oder fr\u00fchere Kunden erkennen.<\/li><li>So speichern Sie Ihr Passwort, wenn Sie auf unserer Website registriert sind.<\/li><li>Um unsere Website zu verbessern.<\/li><li>Beobachten Sie Ihr Verhalten und Ihre Browsing-Aktivit\u00e4ten im Laufe der Zeit auf mehreren Websites oder anderen Plattformen, wie dies gesetzlich zul\u00e4ssig ist.<\/li><li>Um die Interessen unserer Kunden und unserer Website-Besucher besser zu verstehen.<\/li><\/ul>\n\n\n\n<h3 class=\"has-normal-font-size wp-block-heading\">3. WAS SIND STRICT NOTWENDIGE COOKIES UND TRACKER?<\/h3>\n\n\n\n<p class=\"wp-block-paragraph\">Diese Cookies sind f\u00fcr das Funktionieren der Website erforderlich und k\u00f6nnen in unseren Systemen nicht ausgeschaltet werden. Sie werden normalerweise nur als Reaktion auf von Ihnen durchgef\u00fchrte Aktionen festgelegt, die einer Anforderung von Diensten gleichkommen, z. B. das Festlegen Ihrer Datenschutzeinstellungen, das Anmelden oder das Ausf\u00fcllen von Formularen. Sie k\u00f6nnen Ihren Browser so einstellen, dass er Sie \u00fcber diese Cookies blockiert oder benachrichtigt, einige jedoch Teile der Website funktionieren nicht. Diese Cookies speichern keine personenbezogenen Daten.<\/p>\n\n\n\n<h3 class=\"has-normal-font-size wp-block-heading\">4. WAS SIND OPTIONALE COOKIES UND TRACKER?<\/h3>\n\n\n\n<p class=\"wp-block-paragraph\">Wir verwenden Performance-Cookies, Funktions-Cookies, Targeting-Cookies und Social-Media-Cookies.<\/p>\n\n\n\n<ul class=\"wp-block-list\"><li>Leistungs-Cookies<\/li><\/ul>\n\n\n\n<p class=\"wp-block-paragraph\">Mit diesen Cookies k\u00f6nnen wir Besuche und Verkehrsquellen z\u00e4hlen, um die Leistung unserer Website zu messen und zu verbessern. Sie helfen uns zu wissen, welche Seiten am beliebtesten und am wenigsten beliebt sind, und zu sehen, wie sich Besucher auf der Website bewegen. Alle Informationen, die diese Cookies sammeln, sind aggregiert und daher anonym. Wenn Sie diese Cookies nicht zulassen, wissen wir nicht, wann Sie unsere Website besucht haben, und k\u00f6nnen deren Leistung nicht \u00fcberwachen.<\/p>\n\n\n\n<ul class=\"wp-block-list\"><li>Funktionscookies<\/li><\/ul>\n\n\n\n<p class=\"wp-block-paragraph\">Diese Cookies erm\u00f6glichen es der Website, erweiterte Funktionen und Personalisierung bereitzustellen. Sie k\u00f6nnen von uns oder von Drittanbietern festgelegt werden, deren Dienste wir unseren Seiten hinzugef\u00fcgt haben. Wenn Sie diese Cookies nicht zulassen, funktionieren einige oder alle dieser Dienste m\u00f6glicherweise nicht ordnungsgem\u00e4\u00df.<\/p>\n\n\n\n<ul class=\"wp-block-list\"><li>Cookies ausrichten<\/li><\/ul>\n\n\n\n<p class=\"wp-block-paragraph\">Diese Cookies k\u00f6nnen von unseren Werbepartnern \u00fcber unsere Website gesetzt werden. Sie k\u00f6nnen von diesen Unternehmen verwendet werden, um ein Profil Ihrer Interessen zu erstellen und Ihnen relevante Werbung auf anderen Websites zu zeigen. Sie speichern pers\u00f6nliche Informationen nicht direkt, sondern basieren auf der eindeutigen Identifizierung Ihres Browsers und Ger\u00e4ts. Wenn Sie diese Cookies nicht zulassen, wird weniger gezielte Werbung geschaltet.<\/p>\n\n\n\n<ul class=\"wp-block-list\"><li>Social Media Cookies<\/li><\/ul>\n\n\n\n<p class=\"wp-block-paragraph\">Diese Cookies werden von einer Reihe von Social-Media-Diensten gesetzt, die wir der Website hinzugef\u00fcgt haben, damit Sie unsere Inhalte mit Ihren Freunden und Netzwerken teilen k\u00f6nnen. Sie k\u00f6nnen Ihren Browser \u00fcber andere Websites hinweg verfolgen und ein Profil Ihrer Interessen erstellen. Dies kann sich auf den Inhalt und die Nachrichten auswirken, die Sie auf anderen von Ihnen besuchten Websites sehen. Wenn Sie diese Cookies nicht zulassen, k\u00f6nnen Sie diese Freigabe-Tools m\u00f6glicherweise nicht verwenden oder anzeigen.<\/p>\n\n\n\n<h3 class=\"has-normal-font-size wp-block-heading\">5. Wie lange bleiben Cookies auf Ihrem Ger\u00e4t?<\/h3>\n\n\n\n<p class=\"wp-block-paragraph\">Wie lange ein Cookie auf Ihrem Ger\u00e4t verbleibt, h\u00e4ngt davon ab, ob es sich um ein \"dauerhaftes\" oder ein \"Sitzungscookie\" handelt. Sitzungscookies bleiben nur auf Ihrem Ger\u00e4t, bis Sie das Surfen beenden. Permanente Cookies bleiben auf Ihrem Ger\u00e4t, bis sie ablaufen oder gel\u00f6scht werden.<\/p>\n\n\n\n<h3 class=\"has-normal-font-size wp-block-heading\">6. WIE K\u00d6NNEN SIE UNSERE VERFOLGUNGSWERKZEUGE STEUERN?<\/h3>\n\n\n\n<p class=\"wp-block-paragraph\">Ihr Browser bietet Ihnen m\u00f6glicherweise die M\u00f6glichkeit, Cookies zu steuern. Wie Sie dies tun, h\u00e4ngt von der Art des Cookies ab. Bestimmte Browser k\u00f6nnen so eingestellt werden, dass sie Browser-Cookies ablehnen. Weitere Informationen zum Aktivieren, Deaktivieren oder L\u00f6schen von Cookies in Ihrem Webbrowser finden Sie unter&nbsp;<a href=\"http:\/\/www.allaboutcookies.org\/\" target=\"_blank\" rel=\"noreferrer noopener\">www.allaboutcookies.org<\/a>&nbsp;and&nbsp;<a href=\"http:\/\/www.adobe.com\/devnet\/security.html\" target=\"_blank\" rel=\"noreferrer noopener\">www.adobe.com\/devnet\/security.html<\/a>. To control flash cookies, which we may use on certain websites from time to time, you can go&nbsp;<a href=\"http:\/\/www.macromedia.com\/support\/documentation\/en\/flashplayer\/help\/settings_manager07.html\" target=\"_blank\" rel=\"noreferrer noopener\">www.macromedia.com\/support\/documentation\/en\/flashplayer\/help\/settings_manager07.html<\/a>. Warum? Weil Flash-Cookies nicht \u00fcber Ihre Browsereinstellungen gesteuert werden k\u00f6nnen.<\/p>\n\n\n\n<p class=\"wp-block-paragraph\"><strong>Unsere Richtlinie \"Nicht verfolgen\": Einige Websites verf\u00fcgen \u00fcber Funktionen \"Nicht verfolgen\", mit denen Sie einer Website mitteilen k\u00f6nnen, dass sie Sie nicht verfolgen soll. Diese Merkmale sind nicht alle einheitlich. Wir reagieren derzeit nicht auf diese Signale.<\/strong>&nbsp;If you block cookies, certain features on our sites may not work. If you block or reject cookies, not all of the tracking described here will stop.<\/p>\n\n\n\n<p class=\"wp-block-paragraph\">Die von Ihnen ausgew\u00e4hlten Optionen sind browser- und ger\u00e4tespezifisch.<\/p>\n\n\n\n<h3 class=\"has-normal-font-size wp-block-heading\">9. WIE K\u00d6NNEN SIE DIE ONLINE-VERHALTENSWERBUNG ABNEHMEN?<\/h3>\n\n\n\n<p class=\"wp-block-paragraph\">Das Selbstregulierungsprogramm f\u00fcr Online-Verhaltenswerbung bietet Verbrauchern die M\u00f6glichkeit, die Aufzeichnung und Verwendung ihres Online-Verhaltens f\u00fcr Werbezwecke abzulehnen. Um zu verhindern, dass Ihr Online-Verhalten zu Werbezwecken erfasst wird,&nbsp;<a href=\"http:\/\/www.aboutads.info\/choices\/\" target=\"_blank\" rel=\"noreferrer noopener\">click here<\/a>. Choices you make are both browser and device-specific.<\/p>","protected":false},"excerpt":{"rendered":"<p>1. WHAT COMMON TRACKING TECHNOLOGIES DO WE USE? We collect personal information about users over time and across different websites when you use our website [&hellip;]<\/p>\n","protected":false},"author":1,"featured_media":0,"parent":0,"menu_order":0,"comment_status":"closed","ping_status":"closed","template":"","meta":{"_crdt_document":"","novablocks_hero_scroll_indicator":false,"novablocks_hero_position_indicators":false,"footnotes":""},"class_list":["post-2237","page","type-page","status-publish","hentry"],"yoast_head":"<!-- This site is optimized with the Yoast SEO plugin v27.0 - https:\/\/yoast.com\/product\/yoast-seo-wordpress\/ -->\n<title>Cookies Policy - Private Chef Mallorca<\/title>\n<meta name=\"robots\" content=\"index, follow, max-snippet:-1, max-image-preview:large, max-video-preview:-1\" \/>\n<link rel=\"canonical\" href=\"https:\/\/ffcolucci-chef.com\/de\/cookies-policy\/\" \/>\n<meta property=\"og:locale\" content=\"de_DE\" \/>\n<meta property=\"og:type\" content=\"article\" \/>\n<meta property=\"og:title\" content=\"Cookies Policy - Private Chef Mallorca\" \/>\n<meta property=\"og:description\" content=\"1. WHAT COMMON TRACKING TECHNOLOGIES DO WE USE? We collect personal information about users over time and across different websites when you use our website [&hellip;]\" \/>\n<meta property=\"og:url\" content=\"https:\/\/ffcolucci-chef.com\/de\/cookies-policy\/\" \/>\n<meta property=\"og:site_name\" content=\"Francesco Flavio Colucci\" \/>\n<meta property=\"article:publisher\" content=\"https:\/\/www.facebook.com\/ffcolucci\/\" \/>\n<meta property=\"article:modified_time\" content=\"2023-10-06T09:07:17+00:00\" \/>\n<meta name=\"twitter:card\" content=\"summary_large_image\" \/>\n<meta name=\"twitter:label1\" content=\"Gesch\u00e4tzte Lesezeit\" \/>\n\t<meta name=\"twitter:data1\" content=\"4\u00a0Minuten\" \/>\n<script type=\"application\/ld+json\" class=\"yoast-schema-graph\">{\"@context\":\"https:\/\/schema.org\",\"@graph\":[{\"@type\":\"WebPage\",\"@id\":\"https:\/\/ffcolucci-chef.com\/cookies-policy\/\",\"url\":\"https:\/\/ffcolucci-chef.com\/cookies-policy\/\",\"name\":\"Cookies Policy - Private Chef Mallorca\",\"isPartOf\":{\"@id\":\"https:\/\/ffcolucci-chef.com\/#website\"},\"datePublished\":\"2020-12-31T13:08:37+00:00\",\"dateModified\":\"2023-10-06T09:07:17+00:00\",\"breadcrumb\":{\"@id\":\"https:\/\/ffcolucci-chef.com\/cookies-policy\/#breadcrumb\"},\"inLanguage\":\"de\",\"potentialAction\":[{\"@type\":\"ReadAction\",\"target\":[\"https:\/\/ffcolucci-chef.com\/cookies-policy\/\"]}]},{\"@type\":\"BreadcrumbList\",\"@id\":\"https:\/\/ffcolucci-chef.com\/cookies-policy\/#breadcrumb\",\"itemListElement\":[{\"@type\":\"ListItem\",\"position\":1,\"name\":\"Home\",\"item\":\"https:\/\/ffcolucci-chef.com\/\"},{\"@type\":\"ListItem\",\"position\":2,\"name\":\"Cookies Policy\"}]},{\"@type\":\"WebSite\",\"@id\":\"https:\/\/ffcolucci-chef.com\/#website\",\"url\":\"https:\/\/ffcolucci-chef.com\/\",\"name\":\"Francesco Flavio Colucci\",\"description\":\"Private Chef Mallorca\",\"publisher\":{\"@id\":\"https:\/\/ffcolucci-chef.com\/#organization\"},\"potentialAction\":[{\"@type\":\"SearchAction\",\"target\":{\"@type\":\"EntryPoint\",\"urlTemplate\":\"https:\/\/ffcolucci-chef.com\/?s={search_term_string}\"},\"query-input\":{\"@type\":\"PropertyValueSpecification\",\"valueRequired\":true,\"valueName\":\"search_term_string\"}}],\"inLanguage\":\"de\"},{\"@type\":\"Organization\",\"@id\":\"https:\/\/ffcolucci-chef.com\/#organization\",\"name\":\"Fracnesco Flavio Colucci\",\"url\":\"https:\/\/ffcolucci-chef.com\/\",\"logo\":{\"@type\":\"ImageObject\",\"inLanguage\":\"de\",\"@id\":\"https:\/\/ffcolucci-chef.com\/#\/schema\/logo\/image\/\",\"url\":\"https:\/\/ffcolucci-chef.com\/wp-content\/uploads\/2021\/02\/logo-chef-contact.png\",\"contentUrl\":\"https:\/\/ffcolucci-chef.com\/wp-content\/uploads\/2021\/02\/logo-chef-contact.png\",\"width\":800,\"height\":400,\"caption\":\"Fracnesco Flavio Colucci\"},\"image\":{\"@id\":\"https:\/\/ffcolucci-chef.com\/#\/schema\/logo\/image\/\"},\"sameAs\":[\"https:\/\/www.facebook.com\/ffcolucci\/\",\"https:\/\/www.instagram.com\/ffcolucci\/\"]}]}<\/script>\n<!-- \/ Yoast SEO plugin. -->","yoast_head_json":{"title":"Cookies Policy - Private Chef Mallorca","robots":{"index":"index","follow":"follow","max-snippet":"max-snippet:-1","max-image-preview":"max-image-preview:large","max-video-preview":"max-video-preview:-1"},"canonical":"https:\/\/ffcolucci-chef.com\/de\/cookies-policy\/","og_locale":"de_DE","og_type":"article","og_title":"Cookies Policy - Private Chef Mallorca","og_description":"1. WHAT COMMON TRACKING TECHNOLOGIES DO WE USE? We collect personal information about users over time and across different websites when you use our website [&hellip;]","og_url":"https:\/\/ffcolucci-chef.com\/de\/cookies-policy\/","og_site_name":"Francesco Flavio Colucci","article_publisher":"https:\/\/www.facebook.com\/ffcolucci\/","article_modified_time":"2023-10-06T09:07:17+00:00","twitter_card":"summary_large_image","twitter_misc":{"Gesch\u00e4tzte Lesezeit":"4\u00a0Minuten"},"schema":{"@context":"https:\/\/schema.org","@graph":[{"@type":"WebPage","@id":"https:\/\/ffcolucci-chef.com\/cookies-policy\/","url":"https:\/\/ffcolucci-chef.com\/cookies-policy\/","name":"Cookies Policy - Private Chef Mallorca","isPartOf":{"@id":"https:\/\/ffcolucci-chef.com\/#website"},"datePublished":"2020-12-31T13:08:37+00:00","dateModified":"2023-10-06T09:07:17+00:00","breadcrumb":{"@id":"https:\/\/ffcolucci-chef.com\/cookies-policy\/#breadcrumb"},"inLanguage":"de","potentialAction":[{"@type":"ReadAction","target":["https:\/\/ffcolucci-chef.com\/cookies-policy\/"]}]},{"@type":"BreadcrumbList","@id":"https:\/\/ffcolucci-chef.com\/cookies-policy\/#breadcrumb","itemListElement":[{"@type":"ListItem","position":1,"name":"Home","item":"https:\/\/ffcolucci-chef.com\/"},{"@type":"ListItem","position":2,"name":"Cookies Policy"}]},{"@type":"WebSite","@id":"https:\/\/ffcolucci-chef.com\/#website","url":"https:\/\/ffcolucci-chef.com\/","name":"Francesco Flavio Colucci","description":"Private Chef Mallorca","publisher":{"@id":"https:\/\/ffcolucci-chef.com\/#organization"},"potentialAction":[{"@type":"SearchAction","target":{"@type":"EntryPoint","urlTemplate":"https:\/\/ffcolucci-chef.com\/?s={search_term_string}"},"query-input":{"@type":"PropertyValueSpecification","valueRequired":true,"valueName":"search_term_string"}}],"inLanguage":"de"},{"@type":"Organization","@id":"https:\/\/ffcolucci-chef.com\/#organization","name":"Fracnesco Flavio Colucci","url":"https:\/\/ffcolucci-chef.com\/","logo":{"@type":"ImageObject","inLanguage":"de","@id":"https:\/\/ffcolucci-chef.com\/#\/schema\/logo\/image\/","url":"https:\/\/ffcolucci-chef.com\/wp-content\/uploads\/2021\/02\/logo-chef-contact.png","contentUrl":"https:\/\/ffcolucci-chef.com\/wp-content\/uploads\/2021\/02\/logo-chef-contact.png","width":800,"height":400,"caption":"Fracnesco Flavio Colucci"},"image":{"@id":"https:\/\/ffcolucci-chef.com\/#\/schema\/logo\/image\/"},"sameAs":["https:\/\/www.facebook.com\/ffcolucci\/","https:\/\/www.instagram.com\/ffcolucci\/"]}]}},"_links":{"self":[{"href":"https:\/\/ffcolucci-chef.com\/de\/wp-json\/wp\/v2\/pages\/2237","targetHints":{"allow":["GET"]}}],"collection":[{"href":"https:\/\/ffcolucci-chef.com\/de\/wp-json\/wp\/v2\/pages"}],"about":[{"href":"https:\/\/ffcolucci-chef.com\/de\/wp-json\/wp\/v2\/types\/page"}],"author":[{"embeddable":true,"href":"https:\/\/ffcolucci-chef.com\/de\/wp-json\/wp\/v2\/users\/1"}],"replies":[{"embeddable":true,"href":"https:\/\/ffcolucci-chef.com\/de\/wp-json\/wp\/v2\/comments?post=2237"}],"version-history":[{"count":2,"href":"https:\/\/ffcolucci-chef.com\/de\/wp-json\/wp\/v2\/pages\/2237\/revisions"}],"predecessor-version":[{"id":2239,"href":"https:\/\/ffcolucci-chef.com\/de\/wp-json\/wp\/v2\/pages\/2237\/revisions\/2239"}],"wp:attachment":[{"href":"https:\/\/ffcolucci-chef.com\/de\/wp-json\/wp\/v2\/media?parent=2237"}],"curies":[{"name":"wp","href":"https:\/\/api.w.org\/{rel}","templated":true}]}}